{"id":93,"date":"2022-10-13T09:08:45","date_gmt":"2022-10-13T09:08:45","guid":{"rendered":"https:\/\/znopharma.com\/pagina-ejemplo\/"},"modified":"2023-07-17T14:55:43","modified_gmt":"2023-07-17T14:55:43","slug":"pagina-ejemplo","status":"publish","type":"page","link":"https:\/\/znopharma.com\/es\/","title":{"rendered":"Disponible en Peque\u00f1o Volumen: \u00d3xido de Zinc GMP Pharma para su uso como API y excipiente en farmacia y cosm\u00e9tica."},"content":{"rendered":"","protected":false},"excerpt":{"rendered":"","protected":false},"author":1,"featured_media":94,"parent":0,"menu_order":0,"comment_status":"closed","ping_status":"open","template":"index.php","meta":{"inline_featured_image":false,"footnotes":""},"class_list":["post-93","page","type-page","status-publish","has-post-thumbnail","hentry"],"aioseo_notices":[],"_links":{"self":[{"href":"https:\/\/znopharma.com\/es\/wp-json\/wp\/v2\/pages\/93","targetHints":{"allow":["GET"]}}],"collection":[{"href":"https:\/\/znopharma.com\/es\/wp-json\/wp\/v2\/pages"}],"about":[{"href":"https:\/\/znopharma.com\/es\/wp-json\/wp\/v2\/types\/page"}],"author":[{"embeddable":true,"href":"https:\/\/znopharma.com\/es\/wp-json\/wp\/v2\/users\/1"}],"replies":[{"embeddable":true,"href":"https:\/\/znopharma.com\/es\/wp-json\/wp\/v2\/comments?post=93"}],"version-history":[{"count":4,"href":"https:\/\/znopharma.com\/es\/wp-json\/wp\/v2\/pages\/93\/revisions"}],"predecessor-version":[{"id":158,"href":"https:\/\/znopharma.com\/es\/wp-json\/wp\/v2\/pages\/93\/revisions\/158"}],"wp:featuredmedia":[{"embeddable":true,"href":"https:\/\/znopharma.com\/es\/wp-json\/wp\/v2\/media\/94"}],"wp:attachment":[{"href":"https:\/\/znopharma.com\/es\/wp-json\/wp\/v2\/media?parent=93"}],"curies":[{"name":"wp","href":"https:\/\/api.w.org\/{rel}","templated":true}]}}